{"id":17434,"date":"2021-05-27T17:44:16","date_gmt":"2021-05-27T15:44:16","guid":{"rendered":"https:\/\/wallcrypt.com\/blockchain-sanitary\/"},"modified":"2021-05-27T17:44:16","modified_gmt":"2021-05-27T15:44:16","slug":"blockchain-sanitary","status":"publish","type":"page","link":"https:\/\/wallcrypt.com\/en\/blockchain-sanitary\/","title":{"rendered":"Blockchain Sanitary"},"content":{"rendered":"<p>&nbsp;<\/p>\n<div class=\"vlp-link-container vlp-template-default \">\n\t<a href=\"https:\/\/www.lesechos-etudes.fr\/news\/2020\/11\/13\/Blockchain-potentiel-dans-le-secteur-de-la-sante\/\" class=\"vlp-link\" title=\"Les Echos \u00c9tudes BLOCKCHAIN: WHAT POTENTIAL IN THE HEALTHCARE SECTOR?\" rel=\"nofollow\" target=\"_blank\"><\/a>\t\t<div class=\"vlp-link-image-container\">\n\t\t<div class=\"vlp-link-image\">\n\t\t\t<img decoding=\"async\" src=\"https:\/\/www.lesechos-etudes.fr\/media\/_uploads_versions\/etudes\/Zur_rose_panorasmall.jpeg\" style=\"max-width: 150px; max-height: 150px\" \/>\t\t<\/div>\n\t<\/div>\n\t\t<div class=\"vlp-link-text-container\">\n\t\t\t\t<div class=\"vlp-link-title\">\n\t\t\tLes Echos \u00c9tudes BLOCKCHAIN: WHAT POTENTIAL IN THE HEALTHCARE SECTOR?\t\t<\/div>\n\t\t\t\t\t\t<div class=\"vlp-link-summary\">\n\t\t\tIn his latest study, The blockchain: what potential in the health sector? Les Echos Etudes analyzes the cases of application of this technology in the health sector. What can a blockchain bring to the actors of the health system?\t\t<\/div>\n\t\t\t<\/div>\n<\/div>\n\n<div class=\"vlp-link-container vlp-template-default \">\n\t<a href=\"https:\/\/www.lesechos.fr\/industrie-services\/pharmacie-sante\/la-blockchain-un-remede-aux-donnees-de-sante-1221651\" class=\"vlp-link\" title=\"La blockchain, un rem\u00e8de aux donn\u00e9es de sant\u00e9\u00a0?\" rel=\"nofollow\" target=\"_blank\"><\/a>\t\t<div class=\"vlp-link-image-container\">\n\t\t<div class=\"vlp-link-image\">\n\t\t\t<img decoding=\"async\" src=\"https:\/\/media.lesechos.com\/api\/v1\/images\/view\/5f033b18d286c242db7b5f05\/1280x720\/0603494123636-web-tete.jpg\" style=\"max-width: 150px; max-height: 150px\" \/>\t\t<\/div>\n\t<\/div>\n\t\t<div class=\"vlp-link-text-container\">\n\t\t\t\t<div class=\"vlp-link-title\">\n\t\t\tLa blockchain, un rem\u00e8de aux donn\u00e9es de sant\u00e9\u00a0?\t\t<\/div>\n\t\t\t\t\t\t<div class=\"vlp-link-summary\">\n\t\t\tPour \u00ab\u00a0La Story\u00a0\u00bb, le podcast d\u2019actualit\u00e9 des \u00ab\u00a0Echos\u00a0\u00bb, Pierrick Fay\u00a0et ses invit\u00e9s explorent les avantages de la blockchain comme technologie\u00a0de stockage et de transmission d\u2019informations sur les donn\u00e9es de sant\u00e9.\t\t<\/div>\n\t\t\t<\/div>\n<\/div>\n\n","protected":false},"excerpt":{"rendered":"<p>&nbsp;<\/p>\n","protected":false},"author":4,"featured_media":0,"parent":0,"menu_order":0,"comment_status":"closed","ping_status":"closed","template":"","meta":{"_acf_changed":false,"jnews_page_loop":{"enable_page_loop":"0","first_title":"Latest Post","second_title":"","header_type":"heading_6","header_background":"","header_text_color":"","layout":"right-sidebar","sidebar":"default-sidebar","second_sidebar":"default-sidebar","sticky_sidebar":"1","module":"3","boxed":"0","boxed_shadow":"0","box_shadow":"0","excerpt_length":"20","content_date":"default","date_custom":"Y\/m\/d","content_pagination":"nav_1","pagination_align":"center","show_navtext":"0","show_pageinfo":"0","post_offset":"0","posts_per_page":"5","include_post":"","exclude_post":"","include_category":"","exclude_category":"","include_author":"","include_tag":"","exclude_tag":"","sort_by":"latest"},"jnews_single_page":{"layout":"right-sidebar","sidebar":"default-sidebar","second_sidebar":"default-sidebar","sticky_sidebar":"1","show_post_featured":"1","show_post_meta":"0","share_position":"top","share_color":"share-monocrhome"},"footnotes":""},"class_list":["post-17434","page","type-page","status-publish","hentry"],"acf":[],"featured_image_urls_v2":{"full":"","thumbnail":"","medium":"","medium_large":"","large":"","1536x1536":"","2048x2048":"","widget-thumbnail":"","rpwe-thumbnail":"","profile_24":"","profile_48":"","profile_96":"","profile_150":"","profile_300":"","jnews-360x180":"","jnews-750x375":"","jnews-1140x570":"","jnews-120x86":"","jnews-350x250":"","jnews-750x536":"","jnews-1140x815":"","jnews-360x504":"","jnews-75x75":"","jnews-350x350":"","jnews-featured-750":"","jnews-featured-1140":""},"post_excerpt_stackable_v2":"<p>&nbsp; Les Echos \u00c9tudes BLOCKCHAIN: WHAT POTENTIAL IN THE HEALTHCARE SECTOR? In his latest study, The blockchain: what potential in the health sector? Les Echos Etudes analyzes the cases of application of this technology in the health sector. What can a blockchain bring to the actors of the health system? La blockchain, un rem\u00e8de aux donn\u00e9es de sant\u00e9\u00a0? Pour \u00ab\u00a0La Story\u00a0\u00bb, le podcast d\u2019actualit\u00e9 des \u00ab\u00a0Echos\u00a0\u00bb, Pierrick Fay\u00a0et ses invit\u00e9s explorent les avantages de la blockchain comme technologie\u00a0de stockage et de transmission d\u2019informations sur les donn\u00e9es de sant\u00e9.<\/p>\n","category_list_v2":"","author_info_v2":{"name":"wallcrypt","url":"https:\/\/wallcrypt.com\/en\/author\/wallcrypt\/"},"comments_num_v2":"0 comments","yoast_head":"<!-- This site is optimized with the Yoast SEO plugin v24.9 - https:\/\/yoast.com\/wordpress\/plugins\/seo\/ -->\n<title>Blockchain Sanitary - WALLCRYPT<\/title>\n<meta name=\"robots\" content=\"index, follow, max-snippet:-1, max-image-preview:large, max-video-preview:-1\" \/>\n<link rel=\"canonical\" href=\"https:\/\/wallcrypt.com\/en\/blockchain-sanitary\/\" \/>\n<meta property=\"og:locale\" content=\"en_US\" \/>\n<meta property=\"og:type\" content=\"article\" \/>\n<meta property=\"og:title\" content=\"Blockchain Sanitary - WALLCRYPT\" \/>\n<meta property=\"og:description\" content=\"&nbsp;\" \/>\n<meta property=\"og:url\" content=\"https:\/\/wallcrypt.com\/en\/blockchain-sanitary\/\" \/>\n<meta property=\"og:site_name\" content=\"WALLCRYPT\" \/>\n<meta property=\"article:publisher\" content=\"https:\/\/facebook.com\/wallcrypt\" \/>\n<meta name=\"twitter:card\" content=\"summary_large_image\" \/>\n<meta name=\"twitter:site\" content=\"@wallcrypt\" \/>\n<meta name=\"twitter:label1\" content=\"Est. reading time\" \/>\n\t<meta name=\"twitter:data1\" content=\"1 minute\" \/>\n<script type=\"application\/ld+json\" class=\"yoast-schema-graph\">{\"@context\":\"https:\/\/schema.org\",\"@graph\":[{\"@type\":\"WebPage\",\"@id\":\"https:\/\/wallcrypt.com\/en\/blockchain-sanitary\/\",\"url\":\"https:\/\/wallcrypt.com\/en\/blockchain-sanitary\/\",\"name\":\"Blockchain Sanitary - WALLCRYPT\",\"isPartOf\":{\"@id\":\"https:\/\/wallcrypt.com\/#website\"},\"datePublished\":\"2021-05-27T15:44:16+00:00\",\"breadcrumb\":{\"@id\":\"https:\/\/wallcrypt.com\/en\/blockchain-sanitary\/#breadcrumb\"},\"inLanguage\":\"en-US\",\"potentialAction\":[{\"@type\":\"ReadAction\",\"target\":[\"https:\/\/wallcrypt.com\/en\/blockchain-sanitary\/\"]}]},{\"@type\":\"BreadcrumbList\",\"@id\":\"https:\/\/wallcrypt.com\/en\/blockchain-sanitary\/#breadcrumb\",\"itemListElement\":[{\"@type\":\"ListItem\",\"position\":1,\"name\":\"Accueil\",\"item\":\"https:\/\/wallcrypt.com\/en\/\"},{\"@type\":\"ListItem\",\"position\":2,\"name\":\"Blockchain Sanitary\"}]},{\"@type\":\"WebSite\",\"@id\":\"https:\/\/wallcrypt.com\/#website\",\"url\":\"https:\/\/wallcrypt.com\/\",\"name\":\"WALLCRYPT\",\"description\":\"Formation &amp; Club d&#039;affaires Web3 - IA\",\"publisher\":{\"@id\":\"https:\/\/wallcrypt.com\/#organization\"},\"potentialAction\":[{\"@type\":\"SearchAction\",\"target\":{\"@type\":\"EntryPoint\",\"urlTemplate\":\"https:\/\/wallcrypt.com\/?s={search_term_string}\"},\"query-input\":{\"@type\":\"PropertyValueSpecification\",\"valueRequired\":true,\"valueName\":\"search_term_string\"}}],\"inLanguage\":\"en-US\"},{\"@type\":\"Organization\",\"@id\":\"https:\/\/wallcrypt.com\/#organization\",\"name\":\"Wallcrypt\",\"url\":\"https:\/\/wallcrypt.com\/\",\"logo\":{\"@type\":\"ImageObject\",\"inLanguage\":\"en-US\",\"@id\":\"https:\/\/wallcrypt.com\/#\/schema\/logo\/image\/\",\"url\":\"https:\/\/wallcrypt.com\/wp-content\/uploads\/2020\/08\/logo-2-300x223-1.jpg\",\"contentUrl\":\"https:\/\/wallcrypt.com\/wp-content\/uploads\/2020\/08\/logo-2-300x223-1.jpg\",\"width\":300,\"height\":223,\"caption\":\"Wallcrypt\"},\"image\":{\"@id\":\"https:\/\/wallcrypt.com\/#\/schema\/logo\/image\/\"},\"sameAs\":[\"https:\/\/facebook.com\/wallcrypt\",\"https:\/\/x.com\/wallcrypt\",\"https:\/\/www.youtube.com\/wallcrypt\"]}]}<\/script>\n<!-- \/ Yoast SEO plugin. -->","yoast_head_json":{"title":"Blockchain Sanitary - WALLCRYPT","robots":{"index":"index","follow":"follow","max-snippet":"max-snippet:-1","max-image-preview":"max-image-preview:large","max-video-preview":"max-video-preview:-1"},"canonical":"https:\/\/wallcrypt.com\/en\/blockchain-sanitary\/","og_locale":"en_US","og_type":"article","og_title":"Blockchain Sanitary - WALLCRYPT","og_description":"&nbsp;","og_url":"https:\/\/wallcrypt.com\/en\/blockchain-sanitary\/","og_site_name":"WALLCRYPT","article_publisher":"https:\/\/facebook.com\/wallcrypt","twitter_card":"summary_large_image","twitter_site":"@wallcrypt","twitter_misc":{"Est. reading time":"1 minute"},"schema":{"@context":"https:\/\/schema.org","@graph":[{"@type":"WebPage","@id":"https:\/\/wallcrypt.com\/en\/blockchain-sanitary\/","url":"https:\/\/wallcrypt.com\/en\/blockchain-sanitary\/","name":"Blockchain Sanitary - WALLCRYPT","isPartOf":{"@id":"https:\/\/wallcrypt.com\/#website"},"datePublished":"2021-05-27T15:44:16+00:00","breadcrumb":{"@id":"https:\/\/wallcrypt.com\/en\/blockchain-sanitary\/#breadcrumb"},"inLanguage":"en-US","potentialAction":[{"@type":"ReadAction","target":["https:\/\/wallcrypt.com\/en\/blockchain-sanitary\/"]}]},{"@type":"BreadcrumbList","@id":"https:\/\/wallcrypt.com\/en\/blockchain-sanitary\/#breadcrumb","itemListElement":[{"@type":"ListItem","position":1,"name":"Accueil","item":"https:\/\/wallcrypt.com\/en\/"},{"@type":"ListItem","position":2,"name":"Blockchain Sanitary"}]},{"@type":"WebSite","@id":"https:\/\/wallcrypt.com\/#website","url":"https:\/\/wallcrypt.com\/","name":"WALLCRYPT","description":"Formation &amp; Club d&#039;affaires Web3 - IA","publisher":{"@id":"https:\/\/wallcrypt.com\/#organization"},"potentialAction":[{"@type":"SearchAction","target":{"@type":"EntryPoint","urlTemplate":"https:\/\/wallcrypt.com\/?s={search_term_string}"},"query-input":{"@type":"PropertyValueSpecification","valueRequired":true,"valueName":"search_term_string"}}],"inLanguage":"en-US"},{"@type":"Organization","@id":"https:\/\/wallcrypt.com\/#organization","name":"Wallcrypt","url":"https:\/\/wallcrypt.com\/","logo":{"@type":"ImageObject","inLanguage":"en-US","@id":"https:\/\/wallcrypt.com\/#\/schema\/logo\/image\/","url":"https:\/\/wallcrypt.com\/wp-content\/uploads\/2020\/08\/logo-2-300x223-1.jpg","contentUrl":"https:\/\/wallcrypt.com\/wp-content\/uploads\/2020\/08\/logo-2-300x223-1.jpg","width":300,"height":223,"caption":"Wallcrypt"},"image":{"@id":"https:\/\/wallcrypt.com\/#\/schema\/logo\/image\/"},"sameAs":["https:\/\/facebook.com\/wallcrypt","https:\/\/x.com\/wallcrypt","https:\/\/www.youtube.com\/wallcrypt"]}]}},"_links":{"self":[{"href":"https:\/\/wallcrypt.com\/en\/wp-json\/wp\/v2\/pages\/17434","targetHints":{"allow":["GET"]}}],"collection":[{"href":"https:\/\/wallcrypt.com\/en\/wp-json\/wp\/v2\/pages"}],"about":[{"href":"https:\/\/wallcrypt.com\/en\/wp-json\/wp\/v2\/types\/page"}],"author":[{"embeddable":true,"href":"https:\/\/wallcrypt.com\/en\/wp-json\/wp\/v2\/users\/4"}],"replies":[{"embeddable":true,"href":"https:\/\/wallcrypt.com\/en\/wp-json\/wp\/v2\/comments?post=17434"}],"version-history":[{"count":0,"href":"https:\/\/wallcrypt.com\/en\/wp-json\/wp\/v2\/pages\/17434\/revisions"}],"wp:attachment":[{"href":"https:\/\/wallcrypt.com\/en\/wp-json\/wp\/v2\/media?parent=17434"}],"curies":[{"name":"wp","href":"https:\/\/api.w.org\/{rel}","templated":true}]}}