{"id":30716,"date":"2022-06-22T13:59:25","date_gmt":"2022-06-22T11:59:25","guid":{"rendered":"https:\/\/wallcrypt.com\/jury-members\/"},"modified":"2022-07-04T18:35:54","modified_gmt":"2022-07-04T16:35:54","slug":"best-talents-competition-web3-jury-members","status":"publish","type":"page","link":"https:\/\/wallcrypt.com\/en\/best-talents-competition-web3-jury-members\/","title":{"rendered":"Jury members"},"content":{"rendered":"\t\t<div data-elementor-type=\"wp-page\" data-elementor-id=\"30716\" class=\"elementor elementor-30716 elementor-30626\" data-elementor-post-type=\"page\">\n\t\t\t\t\t\t<section class=\"elementor-section elementor-top-section elementor-element elementor-element-4008610 elementor-section-boxed elementor-section-height-default elementor-section-height-default\" data-id=\"4008610\" data-element_type=\"section\">\n\t\t\t\t\t\t<div class=\"elementor-container elementor-column-gap-default\">\n\t\t\t\t\t<div class=\"elementor-column elementor-col-100 elementor-top-column elementor-element elementor-element-84fde98\" data-id=\"84fde98\" data-element_type=\"column\">\n\t\t\t<div class=\"elementor-widget-wrap elementor-element-populated\">\n\t\t\t\t\t\t<div class=\"elementor-element elementor-element-ea268a5 elementor-widget elementor-widget-image\" data-id=\"ea268a5\" data-element_type=\"widget\" data-widget_type=\"image.default\">\n\t\t\t\t<div class=\"elementor-widget-container\">\n\t\t\t\t\t\t\t\t\t\t\t\t\t\t\t<img fetchpriority=\"high\" decoding=\"async\" width=\"728\" height=\"140\" src=\"https:\/\/wallcrypt.com\/wp-content\/uploads\/2022\/06\/banniere-concours-meilleurs-talents-v1-en.jpg\" class=\"attachment-large size-large wp-image-30677\" alt=\"Best talents competition Web3\" srcset=\"https:\/\/wallcrypt.com\/wp-content\/uploads\/2022\/06\/banniere-concours-meilleurs-talents-v1-en.jpg 728w, https:\/\/wallcrypt.com\/wp-content\/uploads\/2022\/06\/banniere-concours-meilleurs-talents-v1-en-300x58.jpg 300w\" sizes=\"(max-width: 728px) 100vw, 728px\" \/>\t\t\t\t\t\t\t\t\t\t\t\t\t\t\t<\/div>\n\t\t\t\t<\/div>\n\t\t\t\t\t<\/div>\n\t\t<\/div>\n\t\t\t\t\t<\/div>\n\t\t<\/section>\n\t\t\t\t<section class=\"elementor-section elementor-top-section elementor-element elementor-element-5d20950 elementor-section-boxed elementor-section-height-default elementor-section-height-default\" data-id=\"5d20950\" data-element_type=\"section\">\n\t\t\t\t\t\t<div class=\"elementor-container elementor-column-gap-default\">\n\t\t\t\t\t<div class=\"elementor-column elementor-col-100 elementor-top-column elementor-element elementor-element-4015f85\" data-id=\"4015f85\" data-element_type=\"column\">\n\t\t\t<div class=\"elementor-widget-wrap elementor-element-populated\">\n\t\t\t\t\t\t<div class=\"elementor-element elementor-element-6080c2f elementor-widget elementor-widget-heading\" data-id=\"6080c2f\" data-element_type=\"widget\" data-widget_type=\"heading.default\">\n\t\t\t\t<div class=\"elementor-widget-container\">\n\t\t\t\t\t<h1 class=\"elementor-heading-title elementor-size-default\">Jury members<\/h1>\t\t\t\t<\/div>\n\t\t\t\t<\/div>\n\t\t\t\t\t<\/div>\n\t\t<\/div>\n\t\t\t\t\t<\/div>\n\t\t<\/section>\n\t\t\t\t<section class=\"elementor-section elementor-top-section elementor-element elementor-element-4dce7f60 elementor-section-boxed elementor-section-height-default elementor-section-height-default\" data-id=\"4dce7f60\" data-element_type=\"section\">\n\t\t\t\t\t\t<div class=\"elementor-container elementor-column-gap-narrow\">\n\t\t\t\t\t<div class=\"elementor-column elementor-col-50 elementor-top-column elementor-element elementor-element-74b5373a\" data-id=\"74b5373a\" data-element_type=\"column\">\n\t\t\t<div class=\"elementor-widget-wrap elementor-element-populated\">\n\t\t\t\t\t\t<div class=\"elementor-element elementor-element-5e41617b elementor-widget elementor-widget-image\" data-id=\"5e41617b\" data-element_type=\"widget\" data-widget_type=\"image.default\">\n\t\t\t\t<div class=\"elementor-widget-container\">\n\t\t\t\t\t\t\t\t\t\t\t\t\t\t\t<img decoding=\"async\" width=\"120\" height=\"120\" src=\"https:\/\/wallcrypt.com\/wp-content\/uploads\/2020\/05\/size_120x120_dc569d2b-3b54-4d39-a341-3df033366a70.jpg\" class=\"attachment-thumbnail size-thumbnail wp-image-6153\" alt=\"\" srcset=\"https:\/\/wallcrypt.com\/wp-content\/uploads\/2020\/05\/size_120x120_dc569d2b-3b54-4d39-a341-3df033366a70.jpg 120w, https:\/\/wallcrypt.com\/wp-content\/uploads\/2020\/05\/size_120x120_dc569d2b-3b54-4d39-a341-3df033366a70-45x45.jpg 45w, https:\/\/wallcrypt.com\/wp-content\/uploads\/2020\/05\/size_120x120_dc569d2b-3b54-4d39-a341-3df033366a70-75x75.jpg 75w\" sizes=\"(max-width: 120px) 100vw, 120px\" \/>\t\t\t\t\t\t\t\t\t\t\t\t\t\t\t<\/div>\n\t\t\t\t<\/div>\n\t\t\t\t<div class=\"elementor-element elementor-element-446954e4 elementor-widget elementor-widget-text-editor\" data-id=\"446954e4\" data-element_type=\"widget\" data-widget_type=\"text-editor.default\">\n\t\t\t\t<div class=\"elementor-widget-container\">\n\t\t\t\t\t\t\t\t\t<span class=\"p-name\">Jean-luc Lasquellec <\/span>\r\n\r\n<span class=\"p-job\">President and Founder\r\n<\/span><span style=\"color: var( --e-global-color-text );\">from Wallcrypt@Wallcrypt<\/span>\t\t\t\t\t\t\t\t<\/div>\n\t\t\t\t<\/div>\n\t\t\t\t<div class=\"elementor-element elementor-element-372db8b8 elementor-shape-rounded elementor-grid-0 e-grid-align-center elementor-widget elementor-widget-social-icons\" data-id=\"372db8b8\" data-element_type=\"widget\" data-widget_type=\"social-icons.default\">\n\t\t\t\t<div class=\"elementor-widget-container\">\n\t\t\t\t\t\t\t<div class=\"elementor-social-icons-wrapper elementor-grid\">\n\t\t\t\t\t\t\t<span class=\"elementor-grid-item\">\n\t\t\t\t\t<a class=\"elementor-icon elementor-social-icon elementor-social-icon-link elementor-repeater-item-11b7e21\" href=\"https:\/\/wallcrypt.com\/\" target=\"_blank\">\n\t\t\t\t\t\t<span class=\"elementor-screen-only\">Link<\/span>\n\t\t\t\t\t\t<i class=\"fas fa-link\"><\/i>\t\t\t\t\t<\/a>\n\t\t\t\t<\/span>\n\t\t\t\t\t\t\t<span class=\"elementor-grid-item\">\n\t\t\t\t\t<a class=\"elementor-icon elementor-social-icon elementor-social-icon-twitter elementor-repeater-item-c54e81d\" href=\"https:\/\/twitter.com\/wallcrypt\" target=\"_blank\">\n\t\t\t\t\t\t<span class=\"elementor-screen-only\">Twitter<\/span>\n\t\t\t\t\t\t<i class=\"fab fa-twitter\"><\/i>\t\t\t\t\t<\/a>\n\t\t\t\t<\/span>\n\t\t\t\t\t\t\t<span class=\"elementor-grid-item\">\n\t\t\t\t\t<a class=\"elementor-icon elementor-social-icon elementor-social-icon-linkedin-in elementor-repeater-item-651f9d4\" href=\"https:\/\/www.linkedin.com\/company\/wallcrypt\" target=\"_blank\">\n\t\t\t\t\t\t<span class=\"elementor-screen-only\">Linkedin-in<\/span>\n\t\t\t\t\t\t<i class=\"fab fa-linkedin-in\"><\/i>\t\t\t\t\t<\/a>\n\t\t\t\t<\/span>\n\t\t\t\t\t\t\t<span class=\"elementor-grid-item\">\n\t\t\t\t\t<a class=\"elementor-icon elementor-social-icon elementor-social-icon-facebook-square elementor-repeater-item-3c01396\" href=\"https:\/\/www.facebook.com\/wallcrypt\" target=\"_blank\">\n\t\t\t\t\t\t<span class=\"elementor-screen-only\">Facebook-square<\/span>\n\t\t\t\t\t\t<i class=\"fab fa-facebook-square\"><\/i>\t\t\t\t\t<\/a>\n\t\t\t\t<\/span>\n\t\t\t\t\t<\/div>\n\t\t\t\t\t\t<\/div>\n\t\t\t\t<\/div>\n\t\t\t\t<div class=\"elementor-element elementor-element-4790fa3d elementor-widget elementor-widget-text-editor\" data-id=\"4790fa3d\" data-element_type=\"widget\" data-widget_type=\"text-editor.default\">\n\t\t\t\t<div class=\"elementor-widget-container\">\n\t\t\t\t\t\t\t\t\t<p>Founder of Wallcrypt.fr Host of the webinar<\/p>\t\t\t\t\t\t\t\t<\/div>\n\t\t\t\t<\/div>\n\t\t\t\t\t<\/div>\n\t\t<\/div>\n\t\t\t\t<div class=\"elementor-column elementor-col-50 elementor-top-column elementor-element elementor-element-49941999\" data-id=\"49941999\" data-element_type=\"column\">\n\t\t\t<div class=\"elementor-widget-wrap elementor-element-populated\">\n\t\t\t\t\t\t<div class=\"elementor-element elementor-element-730a02e0 elementor-widget elementor-widget-image\" data-id=\"730a02e0\" data-element_type=\"widget\" data-widget_type=\"image.default\">\n\t\t\t\t<div class=\"elementor-widget-container\">\n\t\t\t\t\t\t\t\t\t\t\t\t\t\t\t<img decoding=\"async\" width=\"120\" height=\"120\" src=\"https:\/\/wallcrypt.com\/wp-content\/uploads\/2021\/05\/size_120x120_946bb41b-51a5-4d02-9d63-900a07e0f158.jpg\" class=\"attachment-thumbnail size-thumbnail wp-image-15742\" alt=\"\" srcset=\"https:\/\/wallcrypt.com\/wp-content\/uploads\/2021\/05\/size_120x120_946bb41b-51a5-4d02-9d63-900a07e0f158.jpg 120w, https:\/\/wallcrypt.com\/wp-content\/uploads\/2021\/05\/size_120x120_946bb41b-51a5-4d02-9d63-900a07e0f158-75x75.jpg 75w, https:\/\/wallcrypt.com\/wp-content\/uploads\/2021\/05\/size_120x120_946bb41b-51a5-4d02-9d63-900a07e0f158-45x45.jpg 45w, https:\/\/wallcrypt.com\/wp-content\/uploads\/2021\/05\/size_120x120_946bb41b-51a5-4d02-9d63-900a07e0f158-24x24.jpg 24w, https:\/\/wallcrypt.com\/wp-content\/uploads\/2021\/05\/size_120x120_946bb41b-51a5-4d02-9d63-900a07e0f158-48x48.jpg 48w, https:\/\/wallcrypt.com\/wp-content\/uploads\/2021\/05\/size_120x120_946bb41b-51a5-4d02-9d63-900a07e0f158-96x96.jpg 96w\" sizes=\"(max-width: 120px) 100vw, 120px\" \/>\t\t\t\t\t\t\t\t\t\t\t\t\t\t\t<\/div>\n\t\t\t\t<\/div>\n\t\t\t\t<div class=\"elementor-element elementor-element-3d9cdcce elementor-widget elementor-widget-text-editor\" data-id=\"3d9cdcce\" data-element_type=\"widget\" data-widget_type=\"text-editor.default\">\n\t\t\t\t<div class=\"elementor-widget-container\">\n\t\t\t\t\t\t\t\t\t<p><span class=\"p-name\">Alex Joly<\/span><\/p>\r\n<p><span class=\"p-job\">Student Institut <br>Mines-T\u00e9l\u00e9com Business School @ KryptoSph\u00e8re<\/span><\/p>\t\t\t\t\t\t\t\t<\/div>\n\t\t\t\t<\/div>\n\t\t\t\t<div class=\"elementor-element elementor-element-7e83dbf7 elementor-shape-rounded elementor-grid-0 e-grid-align-center elementor-widget elementor-widget-social-icons\" data-id=\"7e83dbf7\" data-element_type=\"widget\" data-widget_type=\"social-icons.default\">\n\t\t\t\t<div class=\"elementor-widget-container\">\n\t\t\t\t\t\t\t<div class=\"elementor-social-icons-wrapper elementor-grid\">\n\t\t\t\t\t\t\t<span class=\"elementor-grid-item\">\n\t\t\t\t\t<a class=\"elementor-icon elementor-social-icon elementor-social-icon-linkedin-in elementor-repeater-item-651f9d4\" href=\"https:\/\/www.linkedin.com\/in\/alex-joly\/\" target=\"_blank\">\n\t\t\t\t\t\t<span class=\"elementor-screen-only\">Linkedin-in<\/span>\n\t\t\t\t\t\t<i class=\"fab fa-linkedin-in\"><\/i>\t\t\t\t\t<\/a>\n\t\t\t\t<\/span>\n\t\t\t\t\t<\/div>\n\t\t\t\t\t\t<\/div>\n\t\t\t\t<\/div>\n\t\t\t\t<div class=\"elementor-element elementor-element-d3e4aad elementor-widget elementor-widget-text-editor\" data-id=\"d3e4aad\" data-element_type=\"widget\" data-widget_type=\"text-editor.default\">\n\t\t\t\t<div class=\"elementor-widget-container\">\n\t\t\t\t\t\t\t\t\t<p>Member of the Study\/Writing Department at KRYPTOSPHERE\u00ae Paris<\/p>\t\t\t\t\t\t\t\t<\/div>\n\t\t\t\t<\/div>\n\t\t\t\t\t<\/div>\n\t\t<\/div>\n\t\t\t\t\t<\/div>\n\t\t<\/section>\n\t\t\t\t<section class=\"elementor-section elementor-top-section elementor-element elementor-element-5fd12214 elementor-section-boxed elementor-section-height-default elementor-section-height-default\" data-id=\"5fd12214\" data-element_type=\"section\">\n\t\t\t\t\t\t<div class=\"elementor-container elementor-column-gap-default\">\n\t\t\t\t\t<div class=\"elementor-column elementor-col-100 elementor-top-column elementor-element elementor-element-243b8ef3\" data-id=\"243b8ef3\" data-element_type=\"column\">\n\t\t\t<div class=\"elementor-widget-wrap elementor-element-populated\">\n\t\t\t\t\t\t<div class=\"elementor-element elementor-element-22f9ed50 elementor-widget elementor-widget-spacer\" data-id=\"22f9ed50\" data-element_type=\"widget\" data-widget_type=\"spacer.default\">\n\t\t\t\t<div class=\"elementor-widget-container\">\n\t\t\t\t\t\t\t<div class=\"elementor-spacer\">\n\t\t\t<div class=\"elementor-spacer-inner\"><\/div>\n\t\t<\/div>\n\t\t\t\t\t\t<\/div>\n\t\t\t\t<\/div>\n\t\t\t\t\t<\/div>\n\t\t<\/div>\n\t\t\t\t\t<\/div>\n\t\t<\/section>\n\t\t\t\t<\/div>\n\t\t","protected":false},"excerpt":{"rendered":"<p>Jury members Jean-luc Lasquellec President and Founder from Wallcrypt@Wallcrypt Link Twitter Linkedin-in Facebook-square Founder of Wallcrypt.fr Host of the webinar Alex Joly Student Institut Mines-T\u00e9l\u00e9com Business School @ KryptoSph\u00e8re Linkedin-in Member of the Study\/Writing Department at KRYPTOSPHERE\u00ae Paris<\/p>\n","protected":false},"author":4,"featured_media":0,"parent":0,"menu_order":0,"comment_status":"closed","ping_status":"closed","template":"","meta":{"_acf_changed":false,"jnews_page_loop":{"enable_page_loop":"0","first_title":"Latest Post","second_title":"","header_type":"heading_6","header_background":"","header_text_color":"","layout":"right-sidebar","sidebar":"default-sidebar","second_sidebar":"default-sidebar","sticky_sidebar":"1","module":"3","boxed":"0","boxed_shadow":"0","box_shadow":"0","excerpt_length":"20","content_date":"default","date_custom":"Y\/m\/d","content_pagination":"nav_1","pagination_align":"center","show_navtext":"0","show_pageinfo":"0","post_offset":"0","posts_per_page":"5","include_post":"","exclude_post":"","include_category":"","exclude_category":"","include_author":"","include_tag":"","exclude_tag":"","sort_by":"latest"},"jnews_single_page":{"layout":"right-sidebar","sidebar":"default-sidebar","second_sidebar":"default-sidebar","sticky_sidebar":"1","show_post_featured":"1","show_post_meta":"0","share_position":"top","share_color":"share-monocrhome"},"footnotes":""},"class_list":["post-30716","page","type-page","status-publish","hentry"],"acf":[],"featured_image_urls_v2":{"full":"","thumbnail":"","medium":"","medium_large":"","large":"","1536x1536":"","2048x2048":"","widget-thumbnail":"","rpwe-thumbnail":"","profile_24":"","profile_48":"","profile_96":"","profile_150":"","profile_300":"","jnews-360x180":"","jnews-750x375":"","jnews-1140x570":"","jnews-120x86":"","jnews-350x250":"","jnews-750x536":"","jnews-1140x815":"","jnews-360x504":"","jnews-75x75":"","jnews-350x350":"","jnews-featured-750":"","jnews-featured-1140":""},"post_excerpt_stackable_v2":"<p>Jury members Jean-luc Lasquellec President and Founder from Wallcrypt@Wallcrypt Link Twitter Linkedin-in Facebook-square Founder of Wallcrypt.fr Host of the webinar Alex Joly Student Institut Mines-T\u00e9l\u00e9com Business School @ KryptoSph\u00e8re Linkedin-in Member of the Study\/Writing Department at KRYPTOSPHERE\u00ae Paris<\/p>\n","category_list_v2":"","author_info_v2":{"name":"wallcrypt","url":"https:\/\/wallcrypt.com\/en\/author\/wallcrypt\/"},"comments_num_v2":"0 comments","yoast_head":"<!-- This site is optimized with the Yoast SEO plugin v24.9 - https:\/\/yoast.com\/wordpress\/plugins\/seo\/ -->\n<title>Jury members - WALLCRYPT<\/title>\n<meta name=\"robots\" content=\"noindex, nofollow\" \/>\n<meta property=\"og:locale\" content=\"en_US\" \/>\n<meta property=\"og:type\" content=\"article\" \/>\n<meta property=\"og:title\" content=\"Jury members - WALLCRYPT\" \/>\n<meta property=\"og:description\" content=\"Jury members Jean-luc Lasquellec President and Founder from Wallcrypt@Wallcrypt Link Twitter Linkedin-in Facebook-square Founder of Wallcrypt.fr Host of the webinar Alex Joly Student Institut Mines-T\u00e9l\u00e9com Business School @ KryptoSph\u00e8re Linkedin-in Member of the Study\/Writing Department at KRYPTOSPHERE\u00ae Paris\" \/>\n<meta property=\"og:url\" content=\"https:\/\/wallcrypt.com\/en\/best-talents-competition-web3-jury-members\/\" \/>\n<meta property=\"og:site_name\" content=\"WALLCRYPT\" \/>\n<meta property=\"article:publisher\" content=\"https:\/\/facebook.com\/wallcrypt\" \/>\n<meta property=\"article:modified_time\" content=\"2022-07-04T16:35:54+00:00\" \/>\n<meta property=\"og:image\" content=\"https:\/\/wallcrypt.com\/wp-content\/uploads\/2022\/06\/banniere-concours-meilleurs-talents-v1-en.jpg\" \/>\n<meta name=\"twitter:card\" content=\"summary_large_image\" \/>\n<meta name=\"twitter:site\" content=\"@wallcrypt\" \/>\n<meta name=\"twitter:label1\" content=\"Est. reading time\" \/>\n\t<meta name=\"twitter:data1\" content=\"1 minute\" \/>\n<script type=\"application\/ld+json\" class=\"yoast-schema-graph\">{\"@context\":\"https:\/\/schema.org\",\"@graph\":[{\"@type\":\"WebPage\",\"@id\":\"https:\/\/wallcrypt.com\/en\/best-talents-competition-web3-jury-members\/\",\"url\":\"https:\/\/wallcrypt.com\/en\/best-talents-competition-web3-jury-members\/\",\"name\":\"Jury members - WALLCRYPT\",\"isPartOf\":{\"@id\":\"https:\/\/wallcrypt.com\/#website\"},\"primaryImageOfPage\":{\"@id\":\"https:\/\/wallcrypt.com\/en\/best-talents-competition-web3-jury-members\/#primaryimage\"},\"image\":{\"@id\":\"https:\/\/wallcrypt.com\/en\/best-talents-competition-web3-jury-members\/#primaryimage\"},\"thumbnailUrl\":\"https:\/\/wallcrypt.com\/wp-content\/uploads\/2022\/06\/banniere-concours-meilleurs-talents-v1-en.jpg\",\"datePublished\":\"2022-06-22T11:59:25+00:00\",\"dateModified\":\"2022-07-04T16:35:54+00:00\",\"breadcrumb\":{\"@id\":\"https:\/\/wallcrypt.com\/en\/best-talents-competition-web3-jury-members\/#breadcrumb\"},\"inLanguage\":\"en-US\",\"potentialAction\":[{\"@type\":\"ReadAction\",\"target\":[\"https:\/\/wallcrypt.com\/en\/best-talents-competition-web3-jury-members\/\"]}]},{\"@type\":\"ImageObject\",\"inLanguage\":\"en-US\",\"@id\":\"https:\/\/wallcrypt.com\/en\/best-talents-competition-web3-jury-members\/#primaryimage\",\"url\":\"https:\/\/wallcrypt.com\/wp-content\/uploads\/2022\/06\/banniere-concours-meilleurs-talents-v1-en.jpg\",\"contentUrl\":\"https:\/\/wallcrypt.com\/wp-content\/uploads\/2022\/06\/banniere-concours-meilleurs-talents-v1-en.jpg\"},{\"@type\":\"BreadcrumbList\",\"@id\":\"https:\/\/wallcrypt.com\/en\/best-talents-competition-web3-jury-members\/#breadcrumb\",\"itemListElement\":[{\"@type\":\"ListItem\",\"position\":1,\"name\":\"Accueil\",\"item\":\"https:\/\/wallcrypt.com\/en\/\"},{\"@type\":\"ListItem\",\"position\":2,\"name\":\"Jury members\"}]},{\"@type\":\"WebSite\",\"@id\":\"https:\/\/wallcrypt.com\/#website\",\"url\":\"https:\/\/wallcrypt.com\/\",\"name\":\"WALLCRYPT\",\"description\":\"Formation &amp; Club d&#039;affaires Web3 - IA\",\"publisher\":{\"@id\":\"https:\/\/wallcrypt.com\/#organization\"},\"potentialAction\":[{\"@type\":\"SearchAction\",\"target\":{\"@type\":\"EntryPoint\",\"urlTemplate\":\"https:\/\/wallcrypt.com\/?s={search_term_string}\"},\"query-input\":{\"@type\":\"PropertyValueSpecification\",\"valueRequired\":true,\"valueName\":\"search_term_string\"}}],\"inLanguage\":\"en-US\"},{\"@type\":\"Organization\",\"@id\":\"https:\/\/wallcrypt.com\/#organization\",\"name\":\"Wallcrypt\",\"url\":\"https:\/\/wallcrypt.com\/\",\"logo\":{\"@type\":\"ImageObject\",\"inLanguage\":\"en-US\",\"@id\":\"https:\/\/wallcrypt.com\/#\/schema\/logo\/image\/\",\"url\":\"https:\/\/wallcrypt.com\/wp-content\/uploads\/2020\/08\/logo-2-300x223-1.jpg\",\"contentUrl\":\"https:\/\/wallcrypt.com\/wp-content\/uploads\/2020\/08\/logo-2-300x223-1.jpg\",\"width\":300,\"height\":223,\"caption\":\"Wallcrypt\"},\"image\":{\"@id\":\"https:\/\/wallcrypt.com\/#\/schema\/logo\/image\/\"},\"sameAs\":[\"https:\/\/facebook.com\/wallcrypt\",\"https:\/\/x.com\/wallcrypt\",\"https:\/\/www.youtube.com\/wallcrypt\"]}]}<\/script>\n<!-- \/ Yoast SEO plugin. -->","yoast_head_json":{"title":"Jury members - WALLCRYPT","robots":{"index":"noindex","follow":"nofollow"},"og_locale":"en_US","og_type":"article","og_title":"Jury members - WALLCRYPT","og_description":"Jury members Jean-luc Lasquellec President and Founder from Wallcrypt@Wallcrypt Link Twitter Linkedin-in Facebook-square Founder of Wallcrypt.fr Host of the webinar Alex Joly Student Institut Mines-T\u00e9l\u00e9com Business School @ KryptoSph\u00e8re Linkedin-in Member of the Study\/Writing Department at KRYPTOSPHERE\u00ae Paris","og_url":"https:\/\/wallcrypt.com\/en\/best-talents-competition-web3-jury-members\/","og_site_name":"WALLCRYPT","article_publisher":"https:\/\/facebook.com\/wallcrypt","article_modified_time":"2022-07-04T16:35:54+00:00","og_image":[{"url":"https:\/\/wallcrypt.com\/wp-content\/uploads\/2022\/06\/banniere-concours-meilleurs-talents-v1-en.jpg","type":"","width":"","height":""}],"twitter_card":"summary_large_image","twitter_site":"@wallcrypt","twitter_misc":{"Est. reading time":"1 minute"},"schema":{"@context":"https:\/\/schema.org","@graph":[{"@type":"WebPage","@id":"https:\/\/wallcrypt.com\/en\/best-talents-competition-web3-jury-members\/","url":"https:\/\/wallcrypt.com\/en\/best-talents-competition-web3-jury-members\/","name":"Jury members - WALLCRYPT","isPartOf":{"@id":"https:\/\/wallcrypt.com\/#website"},"primaryImageOfPage":{"@id":"https:\/\/wallcrypt.com\/en\/best-talents-competition-web3-jury-members\/#primaryimage"},"image":{"@id":"https:\/\/wallcrypt.com\/en\/best-talents-competition-web3-jury-members\/#primaryimage"},"thumbnailUrl":"https:\/\/wallcrypt.com\/wp-content\/uploads\/2022\/06\/banniere-concours-meilleurs-talents-v1-en.jpg","datePublished":"2022-06-22T11:59:25+00:00","dateModified":"2022-07-04T16:35:54+00:00","breadcrumb":{"@id":"https:\/\/wallcrypt.com\/en\/best-talents-competition-web3-jury-members\/#breadcrumb"},"inLanguage":"en-US","potentialAction":[{"@type":"ReadAction","target":["https:\/\/wallcrypt.com\/en\/best-talents-competition-web3-jury-members\/"]}]},{"@type":"ImageObject","inLanguage":"en-US","@id":"https:\/\/wallcrypt.com\/en\/best-talents-competition-web3-jury-members\/#primaryimage","url":"https:\/\/wallcrypt.com\/wp-content\/uploads\/2022\/06\/banniere-concours-meilleurs-talents-v1-en.jpg","contentUrl":"https:\/\/wallcrypt.com\/wp-content\/uploads\/2022\/06\/banniere-concours-meilleurs-talents-v1-en.jpg"},{"@type":"BreadcrumbList","@id":"https:\/\/wallcrypt.com\/en\/best-talents-competition-web3-jury-members\/#breadcrumb","itemListElement":[{"@type":"ListItem","position":1,"name":"Accueil","item":"https:\/\/wallcrypt.com\/en\/"},{"@type":"ListItem","position":2,"name":"Jury members"}]},{"@type":"WebSite","@id":"https:\/\/wallcrypt.com\/#website","url":"https:\/\/wallcrypt.com\/","name":"WALLCRYPT","description":"Formation &amp; Club d&#039;affaires Web3 - IA","publisher":{"@id":"https:\/\/wallcrypt.com\/#organization"},"potentialAction":[{"@type":"SearchAction","target":{"@type":"EntryPoint","urlTemplate":"https:\/\/wallcrypt.com\/?s={search_term_string}"},"query-input":{"@type":"PropertyValueSpecification","valueRequired":true,"valueName":"search_term_string"}}],"inLanguage":"en-US"},{"@type":"Organization","@id":"https:\/\/wallcrypt.com\/#organization","name":"Wallcrypt","url":"https:\/\/wallcrypt.com\/","logo":{"@type":"ImageObject","inLanguage":"en-US","@id":"https:\/\/wallcrypt.com\/#\/schema\/logo\/image\/","url":"https:\/\/wallcrypt.com\/wp-content\/uploads\/2020\/08\/logo-2-300x223-1.jpg","contentUrl":"https:\/\/wallcrypt.com\/wp-content\/uploads\/2020\/08\/logo-2-300x223-1.jpg","width":300,"height":223,"caption":"Wallcrypt"},"image":{"@id":"https:\/\/wallcrypt.com\/#\/schema\/logo\/image\/"},"sameAs":["https:\/\/facebook.com\/wallcrypt","https:\/\/x.com\/wallcrypt","https:\/\/www.youtube.com\/wallcrypt"]}]}},"_links":{"self":[{"href":"https:\/\/wallcrypt.com\/en\/wp-json\/wp\/v2\/pages\/30716","targetHints":{"allow":["GET"]}}],"collection":[{"href":"https:\/\/wallcrypt.com\/en\/wp-json\/wp\/v2\/pages"}],"about":[{"href":"https:\/\/wallcrypt.com\/en\/wp-json\/wp\/v2\/types\/page"}],"author":[{"embeddable":true,"href":"https:\/\/wallcrypt.com\/en\/wp-json\/wp\/v2\/users\/4"}],"replies":[{"embeddable":true,"href":"https:\/\/wallcrypt.com\/en\/wp-json\/wp\/v2\/comments?post=30716"}],"version-history":[{"count":4,"href":"https:\/\/wallcrypt.com\/en\/wp-json\/wp\/v2\/pages\/30716\/revisions"}],"predecessor-version":[{"id":30724,"href":"https:\/\/wallcrypt.com\/en\/wp-json\/wp\/v2\/pages\/30716\/revisions\/30724"}],"wp:attachment":[{"href":"https:\/\/wallcrypt.com\/en\/wp-json\/wp\/v2\/media?parent=30716"}],"curies":[{"name":"wp","href":"https:\/\/api.w.org\/{rel}","templated":true}]}}